{"id":2472,"date":"2021-08-25T07:09:31","date_gmt":"2021-08-25T07:09:31","guid":{"rendered":"https:\/\/welliancehospitality.eu\/?page_id=2472"},"modified":"2021-09-01T09:10:23","modified_gmt":"2021-09-01T09:10:23","slug":"envirosmart","status":"publish","type":"page","link":"https:\/\/welliancehospitality.eu\/es\/digital-catalogue\/envirosmart\/","title":{"rendered":"EnviroSmart"},"content":{"rendered":"<div class=\"wp-block-columns is-layout-flex wp-container-core-columns-is-layout-28f84493 wp-block-columns-is-layout-flex\">\n<div class=\"wp-block-column is-layout-flow wp-block-column-is-layout-flow\">\n<div class=\"wp-block-columns is-layout-flex wp-container-core-columns-is-layout-28f84493 wp-block-columns-is-layout-flex\">\n<div class=\"wp-block-column is-layout-flow wp-block-column-is-layout-flow\">\n<p class=\"back-previous-page-link\"><a href=\"https:\/\/welliancehospitality.eu\/es\/digital-catalogue\/\">Back to catalogue<\/a><\/p>\n\n\n\n<p><\/p>\n\n\n\n<p class=\"back-previous-page-link\">The EnviroSMART projects that Kristy offers include&nbsp;biogas production through organic waste and biosolids, biodiesel production from used kitchen oil&nbsp;and the implementation of circular economy principles that contribute with the development of&nbsp;Resilient and Sustainable Cities in Mexico and the LAC Region.<\/p>\n\n\n\n<p class=\"company-profile-column-p\"><br><\/p>\n<\/div>\n\n\n\n<div class=\"wp-block-column is-layout-flow wp-block-column-is-layout-flow\">\n<div class=\"wp-block-image company-profile-logo\"><figure class=\"aligncenter size-large\"><img fetchpriority=\"high\" decoding=\"async\" width=\"1024\" height=\"585\" src=\"https:\/\/welliancehospitality.eu\/wp-content\/uploads\/2021\/08\/EnviroSmart-logo-1024x585.png\" alt=\"\" class=\"wp-image-2474\" srcset=\"https:\/\/welliancehospitality.eu\/wp-content\/uploads\/2021\/08\/EnviroSmart-logo-1024x585.png 1024w, https:\/\/welliancehospitality.eu\/wp-content\/uploads\/2021\/08\/EnviroSmart-logo-300x171.png 300w, https:\/\/welliancehospitality.eu\/wp-content\/uploads\/2021\/08\/EnviroSmart-logo-768x439.png 768w, https:\/\/welliancehospitality.eu\/wp-content\/uploads\/2021\/08\/EnviroSmart-logo-18x10.png 18w, https:\/\/welliancehospitality.eu\/wp-content\/uploads\/2021\/08\/EnviroSmart-logo.png 1050w\" sizes=\"(max-width: 1024px) 100vw, 1024px\" \/><\/figure><\/div>\n\n\n\n<p><\/p>\n\n\n\n<p><\/p>\n<\/div>\n<\/div>\n\n\n\n<div class=\"wp-block-columns is-layout-flex wp-container-core-columns-is-layout-28f84493 wp-block-columns-is-layout-flex\">\n<div class=\"wp-block-column is-layout-flow wp-block-column-is-layout-flow\">\n<figure class=\"wp-block-image size-full\"><img decoding=\"async\" width=\"685\" height=\"514\" src=\"https:\/\/welliancehospitality.eu\/wp-content\/uploads\/2021\/08\/GermanBiogas-PM.png\" alt=\"\" class=\"wp-image-2476\" srcset=\"https:\/\/welliancehospitality.eu\/wp-content\/uploads\/2021\/08\/GermanBiogas-PM.png 685w, https:\/\/welliancehospitality.eu\/wp-content\/uploads\/2021\/08\/GermanBiogas-PM-300x225.png 300w, https:\/\/welliancehospitality.eu\/wp-content\/uploads\/2021\/08\/GermanBiogas-PM-16x12.png 16w\" sizes=\"(max-width: 685px) 100vw, 685px\" \/><figcaption>GermanBiogas<\/figcaption><\/figure>\n<\/div>\n\n\n\n<div class=\"wp-block-column is-layout-flow wp-block-column-is-layout-flow\">\n<p class=\"has-vivid-cyan-blue-color has-text-color has-large-font-size\">COMPANY PROFILE<\/p>\n\n\n\n<p>Mexican-German Environmental Engineer and Scientist who actively promotes environmental projects with a multicultural and transdisciplinary touch.&nbsp;<\/p>\n\n\n\n<p>Graduate from UPIBI-IPN and University of Stuttgart where the Doctoral Thesis focused on Technology transfer between Europe and Mexico.<\/p>\n\n\n\n<p>Senior Engineer with experience in Mexican, German and Scandinavian companies as Technical Sales Director in the EMEA region in Biogas projects, Process Engineer in Anaerobic Digestion and Thermal Pretreatment of sewage sludge and solid waste for biogas production, Environmental Manager for the Automotive Industry, Environmental Engineer (design and operation of WWTPs) and Course Director of two master&#8217;s degrees in Environmental and Process Engineering at the University of Stuttgart (WASTE M.Sc. and Energietechnik).<\/p>\n\n\n\n<p>Co-founder of the Hessen Chapter of the Global Mx Network (RGMX), a Mexican entity that contributes to the insertion of Mexico in the global knowledge economy. Kristy collaborates with RGMX as a promoter of women&#8217;s empowerment programs within RGMX-EUROPE.&nbsp;<\/p>\n<\/div>\n<\/div>\n<\/div>\n<\/div>\n\n\n\n<div class=\"wp-block-columns is-layout-flex wp-container-core-columns-is-layout-28f84493 wp-block-columns-is-layout-flex\">\n<div class=\"wp-block-column is-layout-flow wp-block-column-is-layout-flow\">\n<p class=\"has-vivid-cyan-blue-color has-text-color has-large-font-size\">VALUE PROPOSAL FOR THE HOSPITALITY SECTOR<\/p>\n\n\n\n<p>Suggest alternatives to revalorize the organic waste in the hospitality sector to produce renewable energy like biogas or biodiesel, as well as, other relevant subproducts while implementing circular economy principles. In this way, the hospitality sector could develop or strengthen their own low carbon strategy, addressing the three pillars of sustainability: social responsibility, environmental protection and &#8220;green&#8221; revenues.<\/p>\n\n\n\n<p class=\"company-profile-column-p\"><br><\/p>\n<\/div>\n\n\n\n<div class=\"wp-block-column is-layout-flow wp-block-column-is-layout-flow\">\n<figure class=\"wp-block-image size-large\"><img decoding=\"async\" width=\"1024\" height=\"683\" src=\"https:\/\/welliancehospitality.eu\/wp-content\/uploads\/2021\/08\/Picture2-1024x683.jpg\" alt=\"\" class=\"wp-image-2478\" srcset=\"https:\/\/welliancehospitality.eu\/wp-content\/uploads\/2021\/08\/Picture2-1024x683.jpg 1024w, https:\/\/welliancehospitality.eu\/wp-content\/uploads\/2021\/08\/Picture2-300x200.jpg 300w, https:\/\/welliancehospitality.eu\/wp-content\/uploads\/2021\/08\/Picture2-768x512.jpg 768w, https:\/\/welliancehospitality.eu\/wp-content\/uploads\/2021\/08\/Picture2-1536x1024.jpg 1536w, https:\/\/welliancehospitality.eu\/wp-content\/uploads\/2021\/08\/Picture2-2048x1365.jpg 2048w, https:\/\/welliancehospitality.eu\/wp-content\/uploads\/2021\/08\/Picture2-18x12.jpg 18w\" sizes=\"(max-width: 1024px) 100vw, 1024px\" \/><\/figure>\n<\/div>\n<\/div>\n\n\n\n<hr class=\"wp-block-separator\"\/>\n\n\n\n<p class=\"has-vivid-cyan-blue-color has-text-color has-large-font-size\">CONTACT DETAILS<\/p>\n\n\n\n<p><strong>Contact Person:<\/strong> Dr. Ing. Kristy Pe\u00f1a Mu\u00f1oz<br><strong>Correo electr\u00f3nico:<\/strong> <a href=\"mailto:kristy@kfgconsultoria.com\">kristy@kfgconsultoria.com<\/a><br><strong>Company Website: <\/strong><a href=\"http:\/\/linkedin.com\/in\/kristy-pe\u00f1a-enviro\">Envirosmart<\/a> <\/p>\n\n\n\n<hr class=\"wp-block-separator\"\/>\n\n\n\n<p class=\"has-text-align-center back-previous-page-button\"><a href=\"https:\/\/welliancehospitality.eu\/es\/digital-catalogue\/\">Back to catalogue<\/a><\/p>","protected":false},"excerpt":{"rendered":"<p>Back to catalogue The EnviroSMART projects that Kristy offers include&nbsp;biogas production through organic waste and biosolids, biodiesel production from used kitchen oil&nbsp;and the implementation of circular economy principles that contribute with the development of&nbsp;Resilient and Sustainable Cities in Mexico and the LAC Region. COMPANY PROFILE Mexican-German Environmental Engineer and Scientist who actively promotes environmental projects [&hellip;]<\/p>\n","protected":false},"author":4,"featured_media":0,"parent":1861,"menu_order":0,"comment_status":"closed","ping_status":"closed","template":"","meta":{"footnotes":""},"class_list":["post-2472","page","type-page","status-publish","hentry","wpbf-post"],"yoast_head":"<!-- This site is optimized with the Yoast SEO plugin v27.5 - https:\/\/yoast.com\/product\/yoast-seo-wordpress\/ -->\n<title>EnviroSmart wellianceHOSPITALITY<\/title>\n<meta name=\"robots\" content=\"index, follow, max-snippet:-1, max-image-preview:large, max-video-preview:-1\" \/>\n<link rel=\"canonical\" href=\"https:\/\/welliancehospitality.eu\/es\/digital-catalogue\/envirosmart\/\" \/>\n<meta property=\"og:locale\" content=\"es_ES\" \/>\n<meta property=\"og:type\" content=\"article\" \/>\n<meta property=\"og:title\" content=\"EnviroSmart wellianceHOSPITALITY\" \/>\n<meta property=\"og:description\" content=\"Back to catalogue The EnviroSMART projects that Kristy offers include&nbsp;biogas production through organic waste and biosolids, biodiesel production from used kitchen oil&nbsp;and the implementation of circular economy principles that contribute with the development of&nbsp;Resilient and Sustainable Cities in Mexico and the LAC Region. COMPANY PROFILE Mexican-German Environmental Engineer and Scientist who actively promotes environmental projects [&hellip;]\" \/>\n<meta property=\"og:url\" content=\"https:\/\/welliancehospitality.eu\/es\/digital-catalogue\/envirosmart\/\" \/>\n<meta property=\"og:site_name\" content=\"wellianceHOSPITALITY\" \/>\n<meta property=\"article:modified_time\" content=\"2021-09-01T09:10:23+00:00\" \/>\n<meta property=\"og:image\" content=\"https:\/\/welliancehospitality.eu\/wp-content\/uploads\/2021\/08\/EnviroSmart-logo-1024x585.png\" \/>\n<meta name=\"twitter:card\" content=\"summary_large_image\" \/>\n<meta name=\"twitter:label1\" content=\"Tiempo de lectura\" \/>\n\t<meta name=\"twitter:data1\" content=\"2 minutos\" \/>\n<script type=\"application\/ld+json\" class=\"yoast-schema-graph\">{\"@context\":\"https:\\\/\\\/schema.org\",\"@graph\":[{\"@type\":\"WebPage\",\"@id\":\"https:\\\/\\\/welliancehospitality.eu\\\/digital-catalogue\\\/envirosmart\\\/\",\"url\":\"https:\\\/\\\/welliancehospitality.eu\\\/digital-catalogue\\\/envirosmart\\\/\",\"name\":\"EnviroSmart wellianceHOSPITALITY\",\"isPartOf\":{\"@id\":\"https:\\\/\\\/welliancehospitality.eu\\\/#website\"},\"primaryImageOfPage\":{\"@id\":\"https:\\\/\\\/welliancehospitality.eu\\\/digital-catalogue\\\/envirosmart\\\/#primaryimage\"},\"image\":{\"@id\":\"https:\\\/\\\/welliancehospitality.eu\\\/digital-catalogue\\\/envirosmart\\\/#primaryimage\"},\"thumbnailUrl\":\"https:\\\/\\\/welliancehospitality.eu\\\/wp-content\\\/uploads\\\/2021\\\/08\\\/EnviroSmart-logo-1024x585.png\",\"datePublished\":\"2021-08-25T07:09:31+00:00\",\"dateModified\":\"2021-09-01T09:10:23+00:00\",\"breadcrumb\":{\"@id\":\"https:\\\/\\\/welliancehospitality.eu\\\/digital-catalogue\\\/envirosmart\\\/#breadcrumb\"},\"inLanguage\":\"es\",\"potentialAction\":[{\"@type\":\"ReadAction\",\"target\":[\"https:\\\/\\\/welliancehospitality.eu\\\/digital-catalogue\\\/envirosmart\\\/\"]}]},{\"@type\":\"ImageObject\",\"inLanguage\":\"es\",\"@id\":\"https:\\\/\\\/welliancehospitality.eu\\\/digital-catalogue\\\/envirosmart\\\/#primaryimage\",\"url\":\"https:\\\/\\\/welliancehospitality.eu\\\/wp-content\\\/uploads\\\/2021\\\/08\\\/EnviroSmart-logo-1024x585.png\",\"contentUrl\":\"https:\\\/\\\/welliancehospitality.eu\\\/wp-content\\\/uploads\\\/2021\\\/08\\\/EnviroSmart-logo-1024x585.png\"},{\"@type\":\"BreadcrumbList\",\"@id\":\"https:\\\/\\\/welliancehospitality.eu\\\/digital-catalogue\\\/envirosmart\\\/#breadcrumb\",\"itemListElement\":[{\"@type\":\"ListItem\",\"position\":1,\"name\":\"Accueil\",\"item\":\"https:\\\/\\\/welliancehospitality.eu\\\/\"},{\"@type\":\"ListItem\",\"position\":2,\"name\":\"Digital Catalogue\",\"item\":\"https:\\\/\\\/welliancehospitality.eu\\\/digital-catalogue\\\/\"},{\"@type\":\"ListItem\",\"position\":3,\"name\":\"EnviroSmart\"}]},{\"@type\":\"WebSite\",\"@id\":\"https:\\\/\\\/welliancehospitality.eu\\\/#website\",\"url\":\"https:\\\/\\\/welliancehospitality.eu\\\/\",\"name\":\"wellianceHOSPITALITY\",\"description\":\"official website\",\"publisher\":{\"@id\":\"https:\\\/\\\/welliancehospitality.eu\\\/#organization\"},\"potentialAction\":[{\"@type\":\"SearchAction\",\"target\":{\"@type\":\"EntryPoint\",\"urlTemplate\":\"https:\\\/\\\/welliancehospitality.eu\\\/?s={search_term_string}\"},\"query-input\":{\"@type\":\"PropertyValueSpecification\",\"valueRequired\":true,\"valueName\":\"search_term_string\"}}],\"inLanguage\":\"es\"},{\"@type\":\"Organization\",\"@id\":\"https:\\\/\\\/welliancehospitality.eu\\\/#organization\",\"name\":\"wellianceHOSPITALITY\",\"url\":\"https:\\\/\\\/welliancehospitality.eu\\\/\",\"logo\":{\"@type\":\"ImageObject\",\"inLanguage\":\"es\",\"@id\":\"https:\\\/\\\/welliancehospitality.eu\\\/#\\\/schema\\\/logo\\\/image\\\/\",\"url\":\"http:\\\/\\\/welliancehospitality.eu\\\/wp-content\\\/uploads\\\/2020\\\/11\\\/Welliance-logo-2.png\",\"contentUrl\":\"http:\\\/\\\/welliancehospitality.eu\\\/wp-content\\\/uploads\\\/2020\\\/11\\\/Welliance-logo-2.png\",\"width\":592,\"height\":451,\"caption\":\"wellianceHOSPITALITY\"},\"image\":{\"@id\":\"https:\\\/\\\/welliancehospitality.eu\\\/#\\\/schema\\\/logo\\\/image\\\/\"},\"sameAs\":[\"https:\\\/\\\/www.linkedin.com\\\/groups\\\/12111127\\\/\"]}]}<\/script>\n<!-- \/ Yoast SEO plugin. -->","yoast_head_json":{"title":"EnviroSmart wellianceHOSPITALITY","robots":{"index":"index","follow":"follow","max-snippet":"max-snippet:-1","max-image-preview":"max-image-preview:large","max-video-preview":"max-video-preview:-1"},"canonical":"https:\/\/welliancehospitality.eu\/es\/digital-catalogue\/envirosmart\/","og_locale":"es_ES","og_type":"article","og_title":"EnviroSmart wellianceHOSPITALITY","og_description":"Back to catalogue The EnviroSMART projects that Kristy offers include&nbsp;biogas production through organic waste and biosolids, biodiesel production from used kitchen oil&nbsp;and the implementation of circular economy principles that contribute with the development of&nbsp;Resilient and Sustainable Cities in Mexico and the LAC Region. COMPANY PROFILE Mexican-German Environmental Engineer and Scientist who actively promotes environmental projects [&hellip;]","og_url":"https:\/\/welliancehospitality.eu\/es\/digital-catalogue\/envirosmart\/","og_site_name":"wellianceHOSPITALITY","article_modified_time":"2021-09-01T09:10:23+00:00","og_image":[{"url":"https:\/\/welliancehospitality.eu\/wp-content\/uploads\/2021\/08\/EnviroSmart-logo-1024x585.png","type":"","width":"","height":""}],"twitter_card":"summary_large_image","twitter_misc":{"Tiempo de lectura":"2 minutos"},"schema":{"@context":"https:\/\/schema.org","@graph":[{"@type":"WebPage","@id":"https:\/\/welliancehospitality.eu\/digital-catalogue\/envirosmart\/","url":"https:\/\/welliancehospitality.eu\/digital-catalogue\/envirosmart\/","name":"EnviroSmart wellianceHOSPITALITY","isPartOf":{"@id":"https:\/\/welliancehospitality.eu\/#website"},"primaryImageOfPage":{"@id":"https:\/\/welliancehospitality.eu\/digital-catalogue\/envirosmart\/#primaryimage"},"image":{"@id":"https:\/\/welliancehospitality.eu\/digital-catalogue\/envirosmart\/#primaryimage"},"thumbnailUrl":"https:\/\/welliancehospitality.eu\/wp-content\/uploads\/2021\/08\/EnviroSmart-logo-1024x585.png","datePublished":"2021-08-25T07:09:31+00:00","dateModified":"2021-09-01T09:10:23+00:00","breadcrumb":{"@id":"https:\/\/welliancehospitality.eu\/digital-catalogue\/envirosmart\/#breadcrumb"},"inLanguage":"es","potentialAction":[{"@type":"ReadAction","target":["https:\/\/welliancehospitality.eu\/digital-catalogue\/envirosmart\/"]}]},{"@type":"ImageObject","inLanguage":"es","@id":"https:\/\/welliancehospitality.eu\/digital-catalogue\/envirosmart\/#primaryimage","url":"https:\/\/welliancehospitality.eu\/wp-content\/uploads\/2021\/08\/EnviroSmart-logo-1024x585.png","contentUrl":"https:\/\/welliancehospitality.eu\/wp-content\/uploads\/2021\/08\/EnviroSmart-logo-1024x585.png"},{"@type":"BreadcrumbList","@id":"https:\/\/welliancehospitality.eu\/digital-catalogue\/envirosmart\/#breadcrumb","itemListElement":[{"@type":"ListItem","position":1,"name":"Accueil","item":"https:\/\/welliancehospitality.eu\/"},{"@type":"ListItem","position":2,"name":"Digital Catalogue","item":"https:\/\/welliancehospitality.eu\/digital-catalogue\/"},{"@type":"ListItem","position":3,"name":"EnviroSmart"}]},{"@type":"WebSite","@id":"https:\/\/welliancehospitality.eu\/#website","url":"https:\/\/welliancehospitality.eu\/","name":"wellianceHOSPITALITY","description":"official website","publisher":{"@id":"https:\/\/welliancehospitality.eu\/#organization"},"potentialAction":[{"@type":"SearchAction","target":{"@type":"EntryPoint","urlTemplate":"https:\/\/welliancehospitality.eu\/?s={search_term_string}"},"query-input":{"@type":"PropertyValueSpecification","valueRequired":true,"valueName":"search_term_string"}}],"inLanguage":"es"},{"@type":"Organization","@id":"https:\/\/welliancehospitality.eu\/#organization","name":"wellianceHOSPITALITY","url":"https:\/\/welliancehospitality.eu\/","logo":{"@type":"ImageObject","inLanguage":"es","@id":"https:\/\/welliancehospitality.eu\/#\/schema\/logo\/image\/","url":"http:\/\/welliancehospitality.eu\/wp-content\/uploads\/2020\/11\/Welliance-logo-2.png","contentUrl":"http:\/\/welliancehospitality.eu\/wp-content\/uploads\/2020\/11\/Welliance-logo-2.png","width":592,"height":451,"caption":"wellianceHOSPITALITY"},"image":{"@id":"https:\/\/welliancehospitality.eu\/#\/schema\/logo\/image\/"},"sameAs":["https:\/\/www.linkedin.com\/groups\/12111127\/"]}]}},"_links":{"self":[{"href":"https:\/\/welliancehospitality.eu\/es\/wp-json\/wp\/v2\/pages\/2472","targetHints":{"allow":["GET"]}}],"collection":[{"href":"https:\/\/welliancehospitality.eu\/es\/wp-json\/wp\/v2\/pages"}],"about":[{"href":"https:\/\/welliancehospitality.eu\/es\/wp-json\/wp\/v2\/types\/page"}],"author":[{"embeddable":true,"href":"https:\/\/welliancehospitality.eu\/es\/wp-json\/wp\/v2\/users\/4"}],"replies":[{"embeddable":true,"href":"https:\/\/welliancehospitality.eu\/es\/wp-json\/wp\/v2\/comments?post=2472"}],"version-history":[{"count":4,"href":"https:\/\/welliancehospitality.eu\/es\/wp-json\/wp\/v2\/pages\/2472\/revisions"}],"predecessor-version":[{"id":2743,"href":"https:\/\/welliancehospitality.eu\/es\/wp-json\/wp\/v2\/pages\/2472\/revisions\/2743"}],"up":[{"embeddable":true,"href":"https:\/\/welliancehospitality.eu\/es\/wp-json\/wp\/v2\/pages\/1861"}],"wp:attachment":[{"href":"https:\/\/welliancehospitality.eu\/es\/wp-json\/wp\/v2\/media?parent=2472"}],"curies":[{"name":"wp","href":"https:\/\/api.w.org\/{rel}","templated":true}]}}