{"id":54,"date":"2020-11-13T13:23:18","date_gmt":"2020-11-13T13:23:18","guid":{"rendered":"http:\/\/welliancehospitality.eu\/?page_id=54"},"modified":"2021-12-03T10:13:09","modified_gmt":"2021-12-03T10:13:09","slug":"contact","status":"publish","type":"page","link":"https:\/\/welliancehospitality.eu\/es\/contact\/","title":{"rendered":"Contacto"},"content":{"rendered":"<div data-elementor-type=\"wp-page\" data-elementor-id=\"54\" class=\"elementor elementor-54\">\n\t\t\t\t\t\t<section class=\"elementor-section elementor-top-section elementor-element elementor-element-37e238d elementor-section-boxed elementor-section-height-default elementor-section-height-default\" data-id=\"37e238d\" data-element_type=\"section\" data-e-type=\"section\" data-settings=\"{&quot;background_background&quot;:&quot;classic&quot;}\">\n\t\t\t\t\t\t\t<div class=\"elementor-background-overlay\"><\/div>\n\t\t\t\t\t\t\t<div class=\"elementor-container elementor-column-gap-default\">\n\t\t\t\t\t<div class=\"elementor-column elementor-col-100 elementor-top-column elementor-element elementor-element-970f4fa\" data-id=\"970f4fa\" data-element_type=\"column\" data-e-type=\"column\">\n\t\t\t<div class=\"elementor-widget-wrap elementor-element-populated\">\n\t\t\t\t\t\t<div class=\"elementor-element elementor-element-aaa44c1 elementor-widget elementor-widget-heading\" data-id=\"aaa44c1\" data-element_type=\"widget\" data-e-type=\"widget\" data-widget_type=\"heading.default\">\n\t\t\t\t<div class=\"elementor-widget-container\">\n\t\t\t\t\t<h2 class=\"elementor-heading-title elementor-size-default\">Contacto<\/h2>\t\t\t\t<\/div>\n\t\t\t\t<\/div>\n\t\t\t\t<div class=\"elementor-element elementor-element-93cd958 elementor-widget-divider--view-line elementor-widget elementor-widget-divider\" data-id=\"93cd958\" data-element_type=\"widget\" data-e-type=\"widget\" data-widget_type=\"divider.default\">\n\t\t\t\t<div class=\"elementor-widget-container\">\n\t\t\t\t\t\t\t<div class=\"elementor-divider\">\n\t\t\t<span class=\"elementor-divider-separator\">\n\t\t\t\t\t\t<\/span>\n\t\t<\/div>\n\t\t\t\t\t\t<\/div>\n\t\t\t\t<\/div>\n\t\t\t\t\t<\/div>\n\t\t<\/div>\n\t\t\t\t\t<\/div>\n\t\t<\/section>\n\t\t\t\t<section class=\"elementor-section elementor-top-section elementor-element elementor-element-316d5f6 elementor-section-content-middle elementor-section-boxed elementor-section-height-default elementor-section-height-default\" data-id=\"316d5f6\" data-element_type=\"section\" data-e-type=\"section\" data-settings=\"{&quot;background_background&quot;:&quot;classic&quot;}\">\n\t\t\t\t\t\t\t<div class=\"elementor-background-overlay\"><\/div>\n\t\t\t\t\t\t\t<div class=\"elementor-container elementor-column-gap-default\">\n\t\t\t\t\t<div class=\"elementor-column elementor-col-50 elementor-top-column elementor-element elementor-element-36562664\" data-id=\"36562664\" data-element_type=\"column\" data-e-type=\"column\">\n\t\t\t<div class=\"elementor-widget-wrap elementor-element-populated\">\n\t\t\t\t\t\t<div class=\"elementor-element elementor-element-36fd0266 elementor-widget elementor-widget-heading\" data-id=\"36fd0266\" data-element_type=\"widget\" data-e-type=\"widget\" data-widget_type=\"heading.default\">\n\t\t\t\t<div class=\"elementor-widget-container\">\n\t\t\t\t\t<h3 class=\"elementor-heading-title elementor-size-default\">Coordinador del proyecto - CENFIM<\/h3>\t\t\t\t<\/div>\n\t\t\t\t<\/div>\n\t\t\t\t<div class=\"elementor-element elementor-element-2f212dc3 elementor-widget elementor-widget-text-editor\" data-id=\"2f212dc3\" data-element_type=\"widget\" data-e-type=\"widget\" data-widget_type=\"text-editor.default\">\n\t\t\t\t<div class=\"elementor-widget-container\">\n\t\t\t\t\t\t\t\t\t<p>Para mayor informaci\u00f3n sobre el proyecto, por favor, p\u00f3ngase en contacto con nosotros a trav\u00e9s de los siguientes medios:<\/p><p><strong>Tel\u00e9fono<\/strong>: 34\/977.570.122<\/p><p><strong>Correo electr\u00f3nico<\/strong>:\u00a0<a style=\"background-color: #ffffff;\" href=\"mailto:info@welliancehospitality.eu\" target=\"_blank\" rel=\"noopener\">info@welliancehospitality.eu<\/a><\/p><p><strong>Direcci\u00f3n<\/strong>: 66 Avda. Generalitat, 43560 La S\u00e9nia (Tarragona), Espa\u00f1a<\/p>\t\t\t\t\t\t\t\t<\/div>\n\t\t\t\t<\/div>\n\t\t\t\t\t<\/div>\n\t\t<\/div>\n\t\t\t\t<div class=\"elementor-column elementor-col-50 elementor-top-column elementor-element elementor-element-1813c17a\" data-id=\"1813c17a\" data-element_type=\"column\" data-e-type=\"column\">\n\t\t\t<div class=\"elementor-widget-wrap elementor-element-populated\">\n\t\t\t\t\t\t<div class=\"elementor-element elementor-element-edc2eea elementor-widget elementor-widget-google_maps\" data-id=\"edc2eea\" data-element_type=\"widget\" data-e-type=\"widget\" data-widget_type=\"google_maps.default\">\n\t\t\t\t<div class=\"elementor-widget-container\">\n\t\t\t\t\t\t\t<div class=\"elementor-custom-embed\">\n\t\t\t<iframe loading=\"lazy\"\n\t\t\t\t\tsrc=\"https:\/\/maps.google.com\/maps?q=66%20avda%20generalitat%2043560%20la%20s%C3%A9nia%20spain&#038;t=m&#038;z=10&#038;output=embed&#038;iwloc=near\"\n\t\t\t\t\ttitle=\"66 avda generalitat 43560 la s\u00e9nia spain\"\n\t\t\t\t\taria-label=\"66 avda generalitat 43560 la s\u00e9nia spain\"\n\t\t\t><\/iframe>\n\t\t<\/div>\n\t\t\t\t\t\t<\/div>\n\t\t\t\t<\/div>\n\t\t\t\t\t<\/div>\n\t\t<\/div>\n\t\t\t\t\t<\/div>\n\t\t<\/section>\n\t\t\t\t<section class=\"elementor-section elementor-top-section elementor-element elementor-element-cb49a64 elementor-section-boxed elementor-section-height-default elementor-section-height-default\" data-id=\"cb49a64\" data-element_type=\"section\" data-e-type=\"section\">\n\t\t\t\t\t\t<div class=\"elementor-container elementor-column-gap-default\">\n\t\t\t\t\t<div class=\"elementor-column elementor-col-100 elementor-top-column elementor-element elementor-element-27239bd\" data-id=\"27239bd\" data-element_type=\"column\" data-e-type=\"column\">\n\t\t\t<div class=\"elementor-widget-wrap elementor-element-populated\">\n\t\t\t\t\t\t<div class=\"elementor-element elementor-element-52ed477 elementor-widget elementor-widget-heading\" data-id=\"52ed477\" data-element_type=\"widget\" data-e-type=\"widget\" data-widget_type=\"heading.default\">\n\t\t\t\t<div class=\"elementor-widget-container\">\n\t\t\t\t\t<h2 class=\"elementor-heading-title elementor-size-default\">contact COSME wellianceHOSPITALITY<\/h2>\t\t\t\t<\/div>\n\t\t\t\t<\/div>\n\t\t\t\t\t<\/div>\n\t\t<\/div>\n\t\t\t\t\t<\/div>\n\t\t<\/section>\n\t\t\t\t<section class=\"elementor-section elementor-top-section elementor-element elementor-element-4f154478 elementor-section-boxed elementor-section-height-default elementor-section-height-default\" data-id=\"4f154478\" data-element_type=\"section\" data-e-type=\"section\" data-settings=\"{&quot;background_background&quot;:&quot;classic&quot;}\">\n\t\t\t\t\t\t\t<div class=\"elementor-background-overlay\"><\/div>\n\t\t\t\t\t\t\t<div class=\"elementor-container elementor-column-gap-default\">\n\t\t\t\t\t<div class=\"elementor-column elementor-col-100 elementor-top-column elementor-element elementor-element-4e639908\" data-id=\"4e639908\" data-element_type=\"column\" data-e-type=\"column\">\n\t\t\t<div class=\"elementor-widget-wrap elementor-element-populated\">\n\t\t\t\t\t\t\t<\/div>\n\t\t<\/div>\n\t\t\t\t\t<\/div>\n\t\t<\/section>\n\t\t\t\t<section class=\"elementor-section elementor-top-section elementor-element elementor-element-d866dd4 elementor-section-boxed elementor-section-height-default elementor-section-height-default\" data-id=\"d866dd4\" data-element_type=\"section\" data-e-type=\"section\">\n\t\t\t\t\t\t<div class=\"elementor-container elementor-column-gap-default\">\n\t\t\t\t\t<div class=\"elementor-column elementor-col-100 elementor-top-column elementor-element elementor-element-9ae7c58\" data-id=\"9ae7c58\" data-element_type=\"column\" data-e-type=\"column\">\n\t\t\t<div class=\"elementor-widget-wrap elementor-element-populated\">\n\t\t\t\t\t\t<div class=\"elementor-element elementor-element-e876ef5 elementor-widget elementor-widget-heading\" data-id=\"e876ef5\" data-element_type=\"widget\" data-e-type=\"widget\" data-widget_type=\"heading.default\">\n\t\t\t\t<div class=\"elementor-widget-container\">\n\t\t\t\t\t<h2 class=\"elementor-heading-title elementor-size-default\">contact COSME wellianceHOSPITALITY<\/h2>\t\t\t\t<\/div>\n\t\t\t\t<\/div>\n\t\t\t\t\t<\/div>\n\t\t<\/div>\n\t\t\t\t\t<\/div>\n\t\t<\/section>\n\t\t\t\t<\/div>","protected":false},"excerpt":{"rendered":"<p>Contact Project coordinator &#8211; CENFIM For more details about the project, please contact us at: Phone: 34\/977.570.122 Email:\u00a0info@welliancehospitality.eu Address: 66 Avda. Generalitat, 43560 La S\u00e9nia (Tarragona), Spain contact COSME wellianceHOSPITALITY contact COSME wellianceHOSPITALITY<\/p>","protected":false},"author":1,"featured_media":0,"parent":0,"menu_order":0,"comment_status":"closed","ping_status":"closed","template":"elementor_header_footer","meta":{"footnotes":""},"class_list":["post-54","page","type-page","status-publish","hentry","wpbf-post"],"yoast_head":"<!-- This site is optimized with the Yoast SEO plugin v27.4 - https:\/\/yoast.com\/product\/yoast-seo-wordpress\/ -->\n<title>Contact page of the COSME wellianceHOSPITALITY project<\/title>\n<meta name=\"description\" content=\"Find here the contact details to get in touch with the coordinator to get more information about this COSME wellianceHOSPITALITY project.\" \/>\n<meta name=\"robots\" content=\"index, follow, max-snippet:-1, max-image-preview:large, max-video-preview:-1\" \/>\n<link rel=\"canonical\" href=\"https:\/\/welliancehospitality.eu\/es\/contact\/\" \/>\n<meta property=\"og:locale\" content=\"es_ES\" \/>\n<meta property=\"og:type\" content=\"article\" \/>\n<meta property=\"og:title\" content=\"Contact page of the COSME wellianceHOSPITALITY project\" \/>\n<meta property=\"og:description\" content=\"Find here the contact details to get in touch with the coordinator to get more information about this COSME wellianceHOSPITALITY project.\" \/>\n<meta property=\"og:url\" content=\"https:\/\/welliancehospitality.eu\/es\/contact\/\" \/>\n<meta property=\"og:site_name\" content=\"wellianceHOSPITALITY\" \/>\n<meta property=\"article:modified_time\" content=\"2021-12-03T10:13:09+00:00\" \/>\n<meta name=\"twitter:card\" content=\"summary_large_image\" \/>\n<meta name=\"twitter:label1\" content=\"Tiempo de lectura\" \/>\n\t<meta name=\"twitter:data1\" content=\"1 minuto\" \/>\n<script type=\"application\/ld+json\" class=\"yoast-schema-graph\">{\"@context\":\"https:\\\/\\\/schema.org\",\"@graph\":[{\"@type\":\"WebPage\",\"@id\":\"https:\\\/\\\/welliancehospitality.eu\\\/contact\\\/\",\"url\":\"https:\\\/\\\/welliancehospitality.eu\\\/contact\\\/\",\"name\":\"Contact page of the COSME wellianceHOSPITALITY project\",\"isPartOf\":{\"@id\":\"https:\\\/\\\/welliancehospitality.eu\\\/#website\"},\"datePublished\":\"2020-11-13T13:23:18+00:00\",\"dateModified\":\"2021-12-03T10:13:09+00:00\",\"description\":\"Find here the contact details to get in touch with the coordinator to get more information about this COSME wellianceHOSPITALITY project.\",\"breadcrumb\":{\"@id\":\"https:\\\/\\\/welliancehospitality.eu\\\/contact\\\/#breadcrumb\"},\"inLanguage\":\"es\",\"potentialAction\":[{\"@type\":\"ReadAction\",\"target\":[\"https:\\\/\\\/welliancehospitality.eu\\\/contact\\\/\"]}]},{\"@type\":\"BreadcrumbList\",\"@id\":\"https:\\\/\\\/welliancehospitality.eu\\\/contact\\\/#breadcrumb\",\"itemListElement\":[{\"@type\":\"ListItem\",\"position\":1,\"name\":\"Accueil\",\"item\":\"https:\\\/\\\/welliancehospitality.eu\\\/\"},{\"@type\":\"ListItem\",\"position\":2,\"name\":\"Contact\"}]},{\"@type\":\"WebSite\",\"@id\":\"https:\\\/\\\/welliancehospitality.eu\\\/#website\",\"url\":\"https:\\\/\\\/welliancehospitality.eu\\\/\",\"name\":\"wellianceHOSPITALITY\",\"description\":\"official website\",\"publisher\":{\"@id\":\"https:\\\/\\\/welliancehospitality.eu\\\/#organization\"},\"potentialAction\":[{\"@type\":\"SearchAction\",\"target\":{\"@type\":\"EntryPoint\",\"urlTemplate\":\"https:\\\/\\\/welliancehospitality.eu\\\/?s={search_term_string}\"},\"query-input\":{\"@type\":\"PropertyValueSpecification\",\"valueRequired\":true,\"valueName\":\"search_term_string\"}}],\"inLanguage\":\"es\"},{\"@type\":\"Organization\",\"@id\":\"https:\\\/\\\/welliancehospitality.eu\\\/#organization\",\"name\":\"wellianceHOSPITALITY\",\"url\":\"https:\\\/\\\/welliancehospitality.eu\\\/\",\"logo\":{\"@type\":\"ImageObject\",\"inLanguage\":\"es\",\"@id\":\"https:\\\/\\\/welliancehospitality.eu\\\/#\\\/schema\\\/logo\\\/image\\\/\",\"url\":\"http:\\\/\\\/welliancehospitality.eu\\\/wp-content\\\/uploads\\\/2020\\\/11\\\/Welliance-logo-2.png\",\"contentUrl\":\"http:\\\/\\\/welliancehospitality.eu\\\/wp-content\\\/uploads\\\/2020\\\/11\\\/Welliance-logo-2.png\",\"width\":592,\"height\":451,\"caption\":\"wellianceHOSPITALITY\"},\"image\":{\"@id\":\"https:\\\/\\\/welliancehospitality.eu\\\/#\\\/schema\\\/logo\\\/image\\\/\"},\"sameAs\":[\"https:\\\/\\\/www.linkedin.com\\\/groups\\\/12111127\\\/\"]}]}<\/script>\n<!-- \/ Yoast SEO plugin. -->","yoast_head_json":{"title":"Contact page of the COSME wellianceHOSPITALITY project","description":"Find here the contact details to get in touch with the coordinator to get more information about this COSME wellianceHOSPITALITY project.","robots":{"index":"index","follow":"follow","max-snippet":"max-snippet:-1","max-image-preview":"max-image-preview:large","max-video-preview":"max-video-preview:-1"},"canonical":"https:\/\/welliancehospitality.eu\/es\/contact\/","og_locale":"es_ES","og_type":"article","og_title":"Contact page of the COSME wellianceHOSPITALITY project","og_description":"Find here the contact details to get in touch with the coordinator to get more information about this COSME wellianceHOSPITALITY project.","og_url":"https:\/\/welliancehospitality.eu\/es\/contact\/","og_site_name":"wellianceHOSPITALITY","article_modified_time":"2021-12-03T10:13:09+00:00","twitter_card":"summary_large_image","twitter_misc":{"Tiempo de lectura":"1 minuto"},"schema":{"@context":"https:\/\/schema.org","@graph":[{"@type":"WebPage","@id":"https:\/\/welliancehospitality.eu\/contact\/","url":"https:\/\/welliancehospitality.eu\/contact\/","name":"Contact page of the COSME wellianceHOSPITALITY project","isPartOf":{"@id":"https:\/\/welliancehospitality.eu\/#website"},"datePublished":"2020-11-13T13:23:18+00:00","dateModified":"2021-12-03T10:13:09+00:00","description":"Find here the contact details to get in touch with the coordinator to get more information about this COSME wellianceHOSPITALITY project.","breadcrumb":{"@id":"https:\/\/welliancehospitality.eu\/contact\/#breadcrumb"},"inLanguage":"es","potentialAction":[{"@type":"ReadAction","target":["https:\/\/welliancehospitality.eu\/contact\/"]}]},{"@type":"BreadcrumbList","@id":"https:\/\/welliancehospitality.eu\/contact\/#breadcrumb","itemListElement":[{"@type":"ListItem","position":1,"name":"Accueil","item":"https:\/\/welliancehospitality.eu\/"},{"@type":"ListItem","position":2,"name":"Contact"}]},{"@type":"WebSite","@id":"https:\/\/welliancehospitality.eu\/#website","url":"https:\/\/welliancehospitality.eu\/","name":"wellianceHOSPITALITY","description":"official website","publisher":{"@id":"https:\/\/welliancehospitality.eu\/#organization"},"potentialAction":[{"@type":"SearchAction","target":{"@type":"EntryPoint","urlTemplate":"https:\/\/welliancehospitality.eu\/?s={search_term_string}"},"query-input":{"@type":"PropertyValueSpecification","valueRequired":true,"valueName":"search_term_string"}}],"inLanguage":"es"},{"@type":"Organization","@id":"https:\/\/welliancehospitality.eu\/#organization","name":"wellianceHOSPITALITY","url":"https:\/\/welliancehospitality.eu\/","logo":{"@type":"ImageObject","inLanguage":"es","@id":"https:\/\/welliancehospitality.eu\/#\/schema\/logo\/image\/","url":"http:\/\/welliancehospitality.eu\/wp-content\/uploads\/2020\/11\/Welliance-logo-2.png","contentUrl":"http:\/\/welliancehospitality.eu\/wp-content\/uploads\/2020\/11\/Welliance-logo-2.png","width":592,"height":451,"caption":"wellianceHOSPITALITY"},"image":{"@id":"https:\/\/welliancehospitality.eu\/#\/schema\/logo\/image\/"},"sameAs":["https:\/\/www.linkedin.com\/groups\/12111127\/"]}]}},"_links":{"self":[{"href":"https:\/\/welliancehospitality.eu\/es\/wp-json\/wp\/v2\/pages\/54","targetHints":{"allow":["GET"]}}],"collection":[{"href":"https:\/\/welliancehospitality.eu\/es\/wp-json\/wp\/v2\/pages"}],"about":[{"href":"https:\/\/welliancehospitality.eu\/es\/wp-json\/wp\/v2\/types\/page"}],"author":[{"embeddable":true,"href":"https:\/\/welliancehospitality.eu\/es\/wp-json\/wp\/v2\/users\/1"}],"replies":[{"embeddable":true,"href":"https:\/\/welliancehospitality.eu\/es\/wp-json\/wp\/v2\/comments?post=54"}],"version-history":[{"count":267,"href":"https:\/\/welliancehospitality.eu\/es\/wp-json\/wp\/v2\/pages\/54\/revisions"}],"predecessor-version":[{"id":3174,"href":"https:\/\/welliancehospitality.eu\/es\/wp-json\/wp\/v2\/pages\/54\/revisions\/3174"}],"wp:attachment":[{"href":"https:\/\/welliancehospitality.eu\/es\/wp-json\/wp\/v2\/media?parent=54"}],"curies":[{"name":"wp","href":"https:\/\/api.w.org\/{rel}","templated":true}]}}